{"id":43,"date":"2022-07-21T07:28:34","date_gmt":"2022-07-21T07:28:34","guid":{"rendered":"https:\/\/demo.bravisthemes.com\/meddox\/?page_id=43"},"modified":"2025-12-27T11:40:25","modified_gmt":"2025-12-27T11:40:25","slug":"about-us","status":"publish","type":"page","link":"https:\/\/ozelapluspoliklinigi.com.tr\/tr\/about-us\/","title":{"rendered":"Hakk\u0131m\u0131zda"},"content":{"rendered":"<div data-elementor-type=\"wp-page\" data-elementor-id=\"43\" class=\"elementor elementor-43\">\n\t\t\t\t        <section class=\"elementor-section elementor-top-section elementor-element elementor-element-5f66b32 elementor-section-boxed elementor-section-height-default elementor-section-height-default pxl-type-header-none pxl-bg-color-none pxl-row-scroll-none\" data-id=\"5f66b32\" data-element_type=\"section\">\n\n                \n                <div class=\"elementor-container elementor-column-gap-extended\">\n                <div class=\"elementor-column elementor-col-50 elementor-top-column elementor-element elementor-element-5541500 pxl-col-none pxl-column-none\" data-id=\"5541500\" data-element_type=\"column\">\r\n        <div class=\"elementor-widget-wrap elementor-element-populated\">\r\n                     \r\n        \t\t<div class=\"elementor-element elementor-element-63f4bcd elementor-widget elementor-widget-pxl_counter\" data-id=\"63f4bcd\" data-element_type=\"widget\" data-widget_type=\"pxl_counter.default\">\n\t\t\t\t<div class=\"elementor-widget-container\">\n\t\t\t\t\t<div class=\"pxl-counter pxl-counter1\" data-wow-delay=\"ms\" >\r\n    <div class=\"pxl--item-inner\">\r\n                    <div class=\"background-image-counter\">\r\n                <img fetchpriority=\"high\" decoding=\"async\" width=\"510\" height=\"510\" src=\"https:\/\/ozelapluspoliklinigi.com.tr\/wp-content\/uploads\/2025\/12\/2025-10-15.webp\" class=\"attachment-full\" alt=\"\" srcset=\"https:\/\/ozelapluspoliklinigi.com.tr\/wp-content\/uploads\/2025\/12\/2025-10-15.webp 510w, https:\/\/ozelapluspoliklinigi.com.tr\/wp-content\/uploads\/2025\/12\/2025-10-15-300x300.webp 300w, https:\/\/ozelapluspoliklinigi.com.tr\/wp-content\/uploads\/2025\/12\/2025-10-15-190x190.webp 190w, https:\/\/ozelapluspoliklinigi.com.tr\/wp-content\/uploads\/2025\/12\/2025-10-15-150x150.webp 150w, https:\/\/ozelapluspoliklinigi.com.tr\/wp-content\/uploads\/2025\/12\/2025-10-15-240x240.webp 240w\" sizes=\"(max-width: 510px) 100vw, 510px\" \/>            <\/div>\r\n                <div class=\"pxl-item-holder\">\r\n                            <div class=\"pxl-item--icon\">\r\n                    <i aria-hidden=\"true\" class=\"flaticon flaticon-experience\"><\/i>                <\/div>\r\n                                    <div class=\"pxl--counter-number\">\r\n                                <span class=\"pxl--counter-value\" data-duration=\"2000\" data-to-value=\"21\" data-delimiter=\"\">21<\/span>\r\n                            <\/div>\r\n            <div class=\"pxl--item-title\">Y\u0131llar <br>Deneyim<\/div>\r\n        <\/div>\r\n    <\/div>\r\n<\/div>\t\t\t\t<\/div>\n\t\t\t\t<\/div>\n\t\t            <\/div>\r\n        <\/div>\r\n                <div class=\"elementor-column elementor-col-50 elementor-top-column elementor-element elementor-element-9b3c9b5 pxl-col-none pxl-column-none\" data-id=\"9b3c9b5\" data-element_type=\"column\">\r\n        <div class=\"elementor-widget-wrap elementor-element-populated\">\r\n                     \r\n        \t\t<div class=\"elementor-element elementor-element-fadf4c0 elementor-widget elementor-widget-pxl_heading\" data-id=\"fadf4c0\" data-element_type=\"widget\" data-widget_type=\"pxl_heading.default\">\n\t\t\t\t<div class=\"elementor-widget-container\">\n\t\t\t\t\t<div class=\"pxl-heading\">\n\t<div class=\"pxl-heading--inner\">\n\t\t\t\t\t<div class=\"pxl-item--subtitle\" data-wow-delay=\"ms\">\n\t\t\t\t<div class=\"wrap-subtitle style1\">\n\t\t\t\t\t\n\t\t\t\n\t\t\t\t<span>En \u0130yi T\u0131bbi ve Sa\u011fl\u0131k Hizmetlerine Ho\u015f Geldiniz<\/span>\n\t\t\t\t<span class=\"icon-after\"><\/span>\n\t\t\t\t<\/div>\n\t\t\t\t\n\t\t<\/div>\n\t\t<h3 class=\"pxl-item--title  highlight-default Rajdhani\" data-wow-delay=\"ms\">\n\tProfesyonel Doktorlar\u0131m\u0131zla En \u0130yi ve Harika Bir Deneyim Ya\u015fay\u0131n\t\t\n\t<\/h3>\n<\/div>\n<\/div>\t\t\t\t<\/div>\n\t\t\t\t<\/div>\n\t\t\t\t<div class=\"elementor-element elementor-element-e74fd10 elementor-widget elementor-widget-pxl_text_editor\" data-id=\"e74fd10\" data-element_type=\"widget\" data-widget_type=\"pxl_text_editor.default\">\n\t\t\t\t<div class=\"elementor-widget-container\">\n\t\t\t\t\t<div class=\"pxl-text-editor\">\n\t<div class=\"pxl-item--inner\" data-wow-delay=\"ms\">\n\t\t<p>Clinic A Plus, Nisan 2006'da Alsancak'ta kurulmu\u015ftur. Kurulu\u015fundan bu yana, kaliteye olan ba\u011fl\u0131l\u0131\u011f\u0131, etik hizmet anlay\u0131\u015f\u0131 ve tutarl\u0131 profesyonel standartlar\u0131 sayesinde, klinik estetik ve dermokozmetik alan\u0131nda \u00f6nde gelen merkezlerden biri haline gelmi\u015ftir.<\/p><p>Klinik, cerrahi olmayan gen\u00e7le\u015ftirme prosed\u00fcrleri, ya\u015flanma kar\u015f\u0131t\u0131 protokoller, lazer epilasyon, profesyonel cilt tedavileri, kal\u0131c\u0131 makyaj (ka\u015f \u2013 dudak \u2013 g\u00f6z kalemi) ve makyaj silme, b\u00f6lgesel ya\u011f ve sel\u00fclit tedavileri ile beslenme ve diyet dan\u0131\u015fmanl\u0131\u011f\u0131 dahil olmak \u00fczere geni\u015f bir yelpazede non-invaziv hizmetler sunmaktad\u0131r.<\/p>\t<\/div>\n<\/div>\t\t\t\t<\/div>\n\t\t\t\t<\/div>\n\t\t            <\/div>\r\n        <\/div>\r\n        \t\t\t<\/div>\n\t\t<\/section>\n\t\t        <section class=\"elementor-section elementor-top-section elementor-element elementor-element-16414c1 elementor-section-boxed elementor-section-height-default elementor-section-height-default pxl-type-header-none pxl-bg-color-none pxl-row-scroll-none\" data-id=\"16414c1\" data-element_type=\"section\">\n\n                \n                <div class=\"elementor-container elementor-column-gap-extended\">\n                <div class=\"elementor-column elementor-col-50 elementor-top-column elementor-element elementor-element-e651298 pxl-col-none pxl-column-none\" data-id=\"e651298\" data-element_type=\"column\">\r\n        <div class=\"elementor-widget-wrap elementor-element-populated\">\r\n                     \r\n        \t\t<div class=\"elementor-element elementor-element-cbf0b4b elementor-widget elementor-widget-pxl_text_editor\" data-id=\"cbf0b4b\" data-element_type=\"widget\" data-widget_type=\"pxl_text_editor.default\">\n\t\t\t\t<div class=\"elementor-widget-container\">\n\t\t\t\t\t<div class=\"pxl-text-editor\">\n\t<div class=\"pxl-item--inner\" data-wow-delay=\"ms\">\n\t\t<p>Clinic A Plus, k\u00fcresel yenilikleri s\u00fcrekli takip eder ve uluslararas\u0131 standartlara paralel olarak bilimsel olarak desteklenen teknolojileri benimsemeyi ama\u00e7lamaktad\u0131r. Klini\u011fin temel ilkeleri, hasta g\u00fcvenli\u011fini \u00f6ncelikli k\u0131lmak, zarar\u0131 \u00f6nlemek ve kan\u0131ta dayal\u0131 y\u00f6ntemleri uygulamak \u00fczerine kuruludur.<br \/>Bu tutarl\u0131 felsefe, ileri g\u00f6r\u00fc\u015fl\u00fc bir bak\u0131\u015f a\u00e7\u0131s\u0131yla birle\u015ferek Clinic A Plus'\u0131n slogan\u0131n\u0131n temelini olu\u015fturur: \u201cBilimi ke\u015ffedin, b\u00fcy\u00fcy\u00fc yakalay\u0131n.\".<\/p>\t<\/div>\n<\/div>\t\t\t\t<\/div>\n\t\t\t\t<\/div>\n\t\t            <\/div>\r\n        <\/div>\r\n                <div class=\"elementor-column elementor-col-50 elementor-top-column elementor-element elementor-element-17fd663 pxl-col-none pxl-column-none\" data-id=\"17fd663\" data-element_type=\"column\">\r\n        <div class=\"elementor-widget-wrap elementor-element-populated\">\r\n                     \r\n        \t\t<div class=\"elementor-element elementor-element-0941ceb elementor-widget elementor-widget-image\" data-id=\"0941ceb\" data-element_type=\"widget\" data-widget_type=\"image.default\">\n\t\t\t\t\t\t\t\t\t\t\t\t\t\t\t<img decoding=\"async\" width=\"827\" height=\"509\" src=\"https:\/\/ozelapluspoliklinigi.com.tr\/wp-content\/uploads\/2025\/12\/Ekran-goruntusu-2025-11-27-184935.png\" class=\"attachment-large size-large wp-image-4661\" alt=\"\" srcset=\"https:\/\/ozelapluspoliklinigi.com.tr\/wp-content\/uploads\/2025\/12\/Ekran-goruntusu-2025-11-27-184935.png 827w, https:\/\/ozelapluspoliklinigi.com.tr\/wp-content\/uploads\/2025\/12\/Ekran-goruntusu-2025-11-27-184935-300x185.png 300w, https:\/\/ozelapluspoliklinigi.com.tr\/wp-content\/uploads\/2025\/12\/Ekran-goruntusu-2025-11-27-184935-768x473.png 768w\" sizes=\"(max-width: 827px) 100vw, 827px\" \/>\t\t\t\t\t\t\t\t\t\t\t\t\t\t\t<\/div>\n\t\t            <\/div>\r\n        <\/div>\r\n        \t\t\t<\/div>\n\t\t<\/section>\n\t\t\t\t<\/div>","protected":false},"excerpt":{"rendered":"<p>21 Years Of Experience Welcome To Best Medical &amp; Health Care Get Best &#038; Amazing Experice With Our Professional Doctors Clinic A Plus was established in April 2006 in Alsancak. Since its foundation, the clinic has become one of the leading centers in the aesthetic and dermocosmetic field, thanks to its commitment to quality, ethical [&hellip;]<\/p>","protected":false},"author":1,"featured_media":0,"parent":0,"menu_order":0,"comment_status":"closed","ping_status":"closed","template":"","meta":{"footnotes":""},"class_list":["post-43","page","type-page","status-publish","hentry"],"_links":{"self":[{"href":"https:\/\/ozelapluspoliklinigi.com.tr\/tr\/wp-json\/wp\/v2\/pages\/43","targetHints":{"allow":["GET"]}}],"collection":[{"href":"https:\/\/ozelapluspoliklinigi.com.tr\/tr\/wp-json\/wp\/v2\/pages"}],"about":[{"href":"https:\/\/ozelapluspoliklinigi.com.tr\/tr\/wp-json\/wp\/v2\/types\/page"}],"author":[{"embeddable":true,"href":"https:\/\/ozelapluspoliklinigi.com.tr\/tr\/wp-json\/wp\/v2\/users\/1"}],"replies":[{"embeddable":true,"href":"https:\/\/ozelapluspoliklinigi.com.tr\/tr\/wp-json\/wp\/v2\/comments?post=43"}],"version-history":[{"count":19,"href":"https:\/\/ozelapluspoliklinigi.com.tr\/tr\/wp-json\/wp\/v2\/pages\/43\/revisions"}],"predecessor-version":[{"id":5102,"href":"https:\/\/ozelapluspoliklinigi.com.tr\/tr\/wp-json\/wp\/v2\/pages\/43\/revisions\/5102"}],"wp:attachment":[{"href":"https:\/\/ozelapluspoliklinigi.com.tr\/tr\/wp-json\/wp\/v2\/media?parent=43"}],"curies":[{"name":"wp","href":"https:\/\/api.w.org\/{rel}","templated":true}]}}