{"id":49,"date":"2022-07-21T07:29:24","date_gmt":"2022-07-21T07:29:24","guid":{"rendered":"https:\/\/demo.bravisthemes.com\/meddox\/?page_id=49"},"modified":"2025-12-12T12:21:58","modified_gmt":"2025-12-12T12:21:58","slug":"doctors-1","status":"publish","type":"page","link":"https:\/\/ozelapluspoliklinigi.com.tr\/tr\/doctors-1\/","title":{"rendered":"Doktorlar"},"content":{"rendered":"<div data-elementor-type=\"wp-page\" data-elementor-id=\"49\" class=\"elementor elementor-49\">\n\t\t\t\t        <section class=\"elementor-section elementor-top-section elementor-element elementor-element-f8ea3cc elementor-section-boxed elementor-section-height-default elementor-section-height-default pxl-type-header-none pxl-bg-color-none pxl-row-scroll-none\" data-id=\"f8ea3cc\" data-element_type=\"section\">\n\n                \n                <div class=\"elementor-container elementor-column-gap-extended\">\n                <div class=\"elementor-column elementor-col-100 elementor-top-column elementor-element elementor-element-0f32ab2 pxl-col-none pxl-column-none\" data-id=\"0f32ab2\" data-element_type=\"column\">\r\n        <div class=\"elementor-widget-wrap elementor-element-populated\">\r\n                     \r\n                <section class=\"elementor-section elementor-inner-section elementor-element elementor-element-80876b3 elementor-section-boxed elementor-section-height-default elementor-section-height-default pxl-type-header-none pxl-bg-color-none pxl-row-scroll-none\" data-id=\"80876b3\" data-element_type=\"section\">\n\n                \n                <div class=\"elementor-container elementor-column-gap-extended\">\n                <div class=\"elementor-column elementor-col-50 elementor-inner-column elementor-element elementor-element-4c2ddbb pxl-col-none pxl-column-none\" data-id=\"4c2ddbb\" data-element_type=\"column\">\r\n        <div class=\"elementor-widget-wrap elementor-element-populated\">\r\n                     \r\n        \t\t<div class=\"elementor-element elementor-element-acbceac elementor-widget elementor-widget-pxl_heading\" data-id=\"acbceac\" data-element_type=\"widget\" data-widget_type=\"pxl_heading.default\">\n\t\t\t\t<div class=\"elementor-widget-container\">\n\t\t\t\t\t<div class=\"pxl-heading\">\n\t<div class=\"pxl-heading--inner\">\n\t\t\t<h3 class=\"pxl-item--title  highlight-default Rajdhani\" data-wow-delay=\"ms\">\n\tDOKTORLARIMIZ\t\t\n\t<\/h3>\n<\/div>\n<\/div>\t\t\t\t<\/div>\n\t\t\t\t<\/div>\n\t\t            <\/div>\r\n        <\/div>\r\n                <div class=\"elementor-column elementor-col-50 elementor-inner-column elementor-element elementor-element-0a09e3d pxl-col-none pxl-column-none\" data-id=\"0a09e3d\" data-element_type=\"column\">\r\n        <div class=\"elementor-widget-wrap\">\r\n                     \r\n                    <\/div>\r\n        <\/div>\r\n        \t\t\t<\/div>\n\t\t<\/section>\n\t\t\t\t<div class=\"elementor-element elementor-element-2e8be5c elementor-widget elementor-widget-pxl_team_grid\" data-id=\"2e8be5c\" data-element_type=\"widget\" data-widget_type=\"pxl_team_grid.default\">\n\t\t\t\t<div class=\"elementor-widget-container\">\n\t\t\t\t\t<div class=\"pxl-grid pxl-team-grid pxl-team-grid1\">\r\n    <div class=\"pxl-grid-inner pxl-grid-masonry row\" data-gutter=\"15\">\r\n\r\n                <div class=\"elementor-repeater-item-4b04d8b pxl-grid-item col-xl-4 col-lg-4 col-md-6 col-sm-6 col-12\">\r\n            <div class=\"pxl-item--inner\">\r\n                                    <div class=\"pxl-item--image\">\r\n                        <img fetchpriority=\"high\" decoding=\"async\" width=\"530\" height=\"530\" src=\"https:\/\/ozelapluspoliklinigi.com.tr\/wp-content\/uploads\/2025\/12\/f1d867dd93fb2a5df1de938b6334a8bb.jpeg\" class=\"no-lazyload attachment-full\" alt=\"\" \/>                        <div class=\"pxl-item--social\">\r\n                                                            <span class=\"pxl-item--button\"><\/span>\r\n                                                        <\/div>\r\n                    <\/div>\r\n                                <div class=\"pxl-item--meta\">\r\n                    <div class=\"pxl-item--title\">\r\n                        <a href=\"https:\/\/ozelapluspoliklinigi.com.tr\/tr\/ilayda-maral\/\">\r\n                                                                     Dr. Nilay \u0130layda Maral                                                        <\/a>\r\n                    <\/div>\r\n                    <div class=\"pxl-item--position\">Mezoterapi, Sertifikal\u0131 T\u0131bbi Estetik<\/div>\r\n\r\n                <\/div>\r\n            <\/div>\r\n        <\/div>\r\n            <div class=\"elementor-repeater-item-1cdd97e pxl-grid-item col-xl-4 col-lg-4 col-md-6 col-sm-6 col-12\">\r\n            <div class=\"pxl-item--inner\">\r\n                                    <div class=\"pxl-item--image\">\r\n                        <img decoding=\"async\" width=\"530\" height=\"530\" src=\"https:\/\/ozelapluspoliklinigi.com.tr\/wp-content\/uploads\/2025\/12\/5d1f058b1bc4276825ea35f3ccec2491_large.jpg\" class=\"no-lazyload attachment-full\" alt=\"\" \/>                        <div class=\"pxl-item--social\">\r\n                                                            <span class=\"pxl-item--button\"><\/span>\r\n                                                        <\/div>\r\n                    <\/div>\r\n                                <div class=\"pxl-item--meta\">\r\n                    <div class=\"pxl-item--title\">\r\n                        <a href=\"https:\/\/ozelapluspoliklinigi.com.tr\/tr\/uzm-dyt-burcu-dilek-demir\/\">\r\n                            UZM. DYT. BURCU D\u0130LEK DEM\u0130R                        <\/a>\r\n                    <\/div>\r\n                    <div class=\"pxl-item--position\">Beslenme ve Diyetetik<\/div>\r\n\r\n                <\/div>\r\n            <\/div>\r\n        <\/div>\r\n        <div class=\"grid-sizer col-xl-4 col-lg-4 col-md-6 col-sm-6 col-12\"><\/div>\r\n<\/div>\r\n<\/div>\r\n\t\t\t\t<\/div>\n\t\t\t\t<\/div>\n\t\t            <\/div>\r\n        <\/div>\r\n        \t\t\t<\/div>\n\t\t<\/section>\n\t\t\t\t<\/div>","protected":false},"excerpt":{"rendered":"<p>OUR DOCTORS Dr. Nilay \u0130layda Maral Mesotherapy, Certified Medical Aesthetic UZM DYT. BURCU D\u0130LEK DEM\u0130R Nutrition and Dietetics<\/p>","protected":false},"author":1,"featured_media":0,"parent":0,"menu_order":0,"comment_status":"closed","ping_status":"closed","template":"","meta":{"footnotes":""},"class_list":["post-49","page","type-page","status-publish","hentry"],"_links":{"self":[{"href":"https:\/\/ozelapluspoliklinigi.com.tr\/tr\/wp-json\/wp\/v2\/pages\/49","targetHints":{"allow":["GET"]}}],"collection":[{"href":"https:\/\/ozelapluspoliklinigi.com.tr\/tr\/wp-json\/wp\/v2\/pages"}],"about":[{"href":"https:\/\/ozelapluspoliklinigi.com.tr\/tr\/wp-json\/wp\/v2\/types\/page"}],"author":[{"embeddable":true,"href":"https:\/\/ozelapluspoliklinigi.com.tr\/tr\/wp-json\/wp\/v2\/users\/1"}],"replies":[{"embeddable":true,"href":"https:\/\/ozelapluspoliklinigi.com.tr\/tr\/wp-json\/wp\/v2\/comments?post=49"}],"version-history":[{"count":10,"href":"https:\/\/ozelapluspoliklinigi.com.tr\/tr\/wp-json\/wp\/v2\/pages\/49\/revisions"}],"predecessor-version":[{"id":5079,"href":"https:\/\/ozelapluspoliklinigi.com.tr\/tr\/wp-json\/wp\/v2\/pages\/49\/revisions\/5079"}],"wp:attachment":[{"href":"https:\/\/ozelapluspoliklinigi.com.tr\/tr\/wp-json\/wp\/v2\/media?parent=49"}],"curies":[{"name":"wp","href":"https:\/\/api.w.org\/{rel}","templated":true}]}}