{"id":4989,"date":"2025-12-12T10:59:58","date_gmt":"2025-12-12T10:59:58","guid":{"rendered":"https:\/\/seagreen-boar-845631.hostingersite.com\/?page_id=4989"},"modified":"2025-12-12T11:05:31","modified_gmt":"2025-12-12T11:05:31","slug":"uzm-dyt-burcu-dilek-demir","status":"publish","type":"page","link":"https:\/\/ozelapluspoliklinigi.com.tr\/tr\/uzm-dyt-burcu-dilek-demir\/","title":{"rendered":"UZM. DYT. BURCU D\u0130LEK DEM\u0130R"},"content":{"rendered":"<div data-elementor-type=\"wp-page\" data-elementor-id=\"4989\" class=\"elementor elementor-4989\">\n\t\t\t\t        <section class=\"elementor-section elementor-top-section elementor-element elementor-element-9042e8f elementor-section-boxed elementor-section-height-default elementor-section-height-default pxl-type-header-none pxl-bg-color-none pxl-row-scroll-none\" data-id=\"9042e8f\" data-element_type=\"section\">\n\n                \n                <div class=\"elementor-container elementor-column-gap-extended\">\n                <div class=\"elementor-column elementor-col-50 elementor-top-column elementor-element elementor-element-d08cf9f pxl-col-none pxl-column-none\" data-id=\"d08cf9f\" data-element_type=\"column\">\r\n        <div class=\"elementor-widget-wrap elementor-element-populated\">\r\n                     \r\n        \t\t<div class=\"elementor-element elementor-element-d5c66d5 elementor-widget elementor-widget-pxl_team_grid\" data-id=\"d5c66d5\" data-element_type=\"widget\" data-widget_type=\"pxl_team_grid.default\">\n\t\t\t\t<div class=\"elementor-widget-container\">\n\t\t\t\t\t<div class=\"pxl-grid pxl-team-grid pxl-team-grid1\">\r\n    <div class=\"pxl-grid-inner pxl-grid-masonry row\" data-gutter=\"15\">\r\n\r\n                <div class=\"elementor-repeater-item-5660c78 pxl-grid-item col-xl-12 col-lg-12 col-md-12 col-sm-12 col-12\">\r\n            <div class=\"pxl-item--inner\">\r\n                                    <div class=\"pxl-item--image\">\r\n                        <img fetchpriority=\"high\" decoding=\"async\" width=\"530\" height=\"530\" src=\"https:\/\/ozelapluspoliklinigi.com.tr\/wp-content\/uploads\/2025\/12\/5d1f058b1bc4276825ea35f3ccec2491_large.jpg\" class=\"no-lazyload attachment-full\" alt=\"\" \/>                        <div class=\"pxl-item--social\">\r\n                                                            <span class=\"pxl-item--button\"><\/span>\r\n                                                        <\/div>\r\n                    <\/div>\r\n                                <div class=\"pxl-item--meta\">\r\n                    <div class=\"pxl-item--title\">\r\n                        <a >\r\n                            UZM. DYT. BURCU D\u0130LEK DEM\u0130R                        <\/a>\r\n                    <\/div>\r\n                    <div class=\"pxl-item--position\">Diyetetik<\/div>\r\n\r\n                <\/div>\r\n            <\/div>\r\n        <\/div>\r\n        <div class=\"grid-sizer col-xl-12 col-lg-12 col-md-12 col-sm-12 col-12\"><\/div>\r\n<\/div>\r\n<\/div>\r\n\t\t\t\t<\/div>\n\t\t\t\t<\/div>\n\t\t            <\/div>\r\n        <\/div>\r\n                <div class=\"elementor-column elementor-col-50 elementor-top-column elementor-element elementor-element-4edc8c1 pxl-col-none pxl-column-none\" data-id=\"4edc8c1\" data-element_type=\"column\">\r\n        <div class=\"elementor-widget-wrap elementor-element-populated\">\r\n                     \r\n        \t\t<div class=\"elementor-element elementor-element-8965eb7 elementor-widget elementor-widget-pxl_heading\" data-id=\"8965eb7\" data-element_type=\"widget\" data-widget_type=\"pxl_heading.default\">\n\t\t\t\t<div class=\"elementor-widget-container\">\n\t\t\t\t\t<div class=\"pxl-heading\">\n\t<div class=\"pxl-heading--inner\">\n\t\t\t<h3 class=\"pxl-item--title  highlight-default Rajdhani\" data-wow-delay=\"ms\">\n\tBiyografi\t\t\n\t<\/h3>\n<\/div>\n<\/div>\t\t\t\t<\/div>\n\t\t\t\t<\/div>\n\t\t\t\t<div class=\"elementor-element elementor-element-587aef4 elementor-widget elementor-widget-pxl_text_editor\" data-id=\"587aef4\" data-element_type=\"widget\" data-widget_type=\"pxl_text_editor.default\">\n\t\t\t\t<div class=\"elementor-widget-container\">\n\t\t\t\t\t<div class=\"pxl-text-editor\">\n\t<div class=\"pxl-item--inner\" data-wow-delay=\"ms\">\n\t\t<p data-path-to-node=\"2\">UZM DYT. BURCU D\u0130LEK DEM\u0130R, 2000 y\u0131l\u0131nda Hacettepe \u00dcniversitesi Sa\u011fl\u0131k Bilimleri Fak\u00fcltesi Beslenme ve Diyetetik b\u00f6l\u00fcm\u00fcnden mezun olduktan sonra Ankara'da Dr. Pozitif Ya\u015fam Kalitesi Klini\u011fi'nin kurucu orta\u011f\u0131 olarak g\u00f6rev yapt\u0131. Bu klinikte, kendi geli\u015ftirdi\u011fi diyet i\u00e7ermeyen kilo verme y\u00f6ntemlerini T\u00fcrkiye'de ilk kez uygulamaya koydu. \u00c7ok sayg\u0131n hekimler, psikologlar ve egzersiz uzmanlar\u0131yla i\u015fbirli\u011fi yaparak al\u0131\u015fkanl\u0131k de\u011fi\u015ftirme programlar\u0131 \u00fczerine \u00f6nemli \u00e7al\u0131\u015fmalar y\u00fcr\u00fctt\u00fc. Bu s\u00fcre zarf\u0131nda Hacettepe \u00dcniversitesi'nden Beslenme Bilimleri alan\u0131nda y\u00fcksek lisans derecesini alarak Uzman Diyetisyen (Uzm. Dyt.) unvan\u0131n\u0131 ald\u0131.<\/p><p data-path-to-node=\"3\">Zorunlu \u015fehir de\u011fi\u015fiklikleri nedeniyle \u00e7e\u015fitli kliniklerde ve \u00fcniversite hastanelerinde \u00e7al\u0131\u015fm\u0131\u015f, farkl\u0131 hastal\u0131klar i\u00e7in diyet tedavileri konusunda deneyim kazanm\u0131\u015f, \u00f6zellikle endokrinoloji diyeteti\u011fi konusunda uzmanla\u015fm\u0131\u015f ve bu deneyimlere dayanarak kendi programlar\u0131n\u0131 geli\u015ftirmi\u015ftir. Kariyeri boyunca binlerce m\u00fc\u015fteri ve hastayla \u00e7al\u0131\u015fm\u0131\u015f olan Dr. DietChi, 2018 y\u0131l\u0131nda kurdu\u011fu dietChi E\u011fitim ve Dan\u0131\u015fmanl\u0131k Merkezi'nde bu uzmanl\u0131\u011f\u0131n\u0131 m\u00fc\u015fterileriyle payla\u015fmaya devam etmektedir.<\/p><p data-path-to-node=\"0\">Elbette, Uzman Diyetisyen\u2019in uzmanl\u0131k alanlar\u0131, deneyimleri ve e\u011fitim bilgilerini i\u00e7eren bu listenin \u0130ngilizce \u00e7evirisi a\u015fa\u011f\u0131dad\u0131r:<\/p><hr data-path-to-node=\"1\" \/><h2 data-path-to-node=\"2\">Uzmanl\u0131k ve Ge\u00e7mi\u015f<\/h2><h3 data-path-to-node=\"3\">Uzmanl\u0131k Alanlar\u0131<\/h3><ul data-path-to-node=\"4\"><li><p data-path-to-node=\"4,0,0\">Diyetisyen<\/p><\/li><\/ul><h3 data-path-to-node=\"5\">Deneyim<\/h3><ul data-path-to-node=\"6\"><li><p data-path-to-node=\"6,0,0\">DietChi Sa\u011fl\u0131kl\u0131 Beslenme Merkezi<\/p><\/li><li><p data-path-to-node=\"6,1,0\">Dr. Pozitif Ya\u015fam Kalitesi Klini\u011fi \u2013 Kurucu \u2013 Ankara<\/p><\/li><li><p data-path-to-node=\"6,2,0\">9 Eyl\u00fcl \u00dcniversitesi Endokrinoloji Diyetisyeni<\/p><\/li><li><p data-path-to-node=\"6,3,0\">Park Sima Kilo Verme Klini\u011fi<\/p><\/li><\/ul><h3 data-path-to-node=\"7\">E\u011fitim \/ \u00d6\u011fretim<\/h3><ul data-path-to-node=\"8\"><li><p data-path-to-node=\"8,0,0\">Hacettepe \u00dcniversitesi Beslenme ve Diyetetik B\u00f6l\u00fcm\u00fc<\/p><\/li><li><p data-path-to-node=\"8,1,0\">Hacettepe \u00dcniversitesi Beslenme Bilimleri Y\u00fcksek Lisans Derecesi<\/p><\/li><\/ul><h3 data-path-to-node=\"9\">\u0130lgi Alanlar\u0131<\/h3><ul data-path-to-node=\"10\"><li><p data-path-to-node=\"10,0,0\">Obezite<\/p><\/li><li><p data-path-to-node=\"10,1,0\">Kilo Sorunu<\/p><\/li><li><p data-path-to-node=\"10,2,0\">Diyabet (\u015eeker Hastal\u0131\u011f\u0131)<\/p><\/li><li><p data-path-to-node=\"10,3,0\">A\u015f\u0131r\u0131 Kilo Al\u0131m\u0131<\/p><\/li><li><p data-path-to-node=\"10,4,0\">T\u00fcm\u00fcn\u00fc g\u00f6ster<\/p><\/li><\/ul><h3 data-path-to-node=\"11\">Bilinen Diller<\/h3><ul data-path-to-node=\"12\"><li><p data-path-to-node=\"12,0,0\">\u0130ngilizce<\/p><\/li><\/ul>\t<\/div>\n<\/div>\t\t\t\t<\/div>\n\t\t\t\t<\/div>\n\t\t            <\/div>\r\n        <\/div>\r\n        \t\t\t<\/div>\n\t\t<\/section>\n\t\t\t\t<\/div>","protected":false},"excerpt":{"rendered":"<p>UZM DYT. BURCU D\u0130LEK DEM\u0130R Dietetics Biography UZM DYT. BURCU D\u0130LEK DEM\u0130R completed her degree in Nutrition and Dietetics at Hacettepe University, Faculty of Health Sciences, in 2000 and subsequently served as a founding partner of the Dr. Pozitif Ya\u015fam Kalitesi Clinic in Ankara. At this clinic, she implemented her self-developed, diet-free weight loss methods [&hellip;]<\/p>","protected":false},"author":1,"featured_media":0,"parent":0,"menu_order":0,"comment_status":"closed","ping_status":"closed","template":"","meta":{"footnotes":""},"class_list":["post-4989","page","type-page","status-publish","hentry"],"_links":{"self":[{"href":"https:\/\/ozelapluspoliklinigi.com.tr\/tr\/wp-json\/wp\/v2\/pages\/4989","targetHints":{"allow":["GET"]}}],"collection":[{"href":"https:\/\/ozelapluspoliklinigi.com.tr\/tr\/wp-json\/wp\/v2\/pages"}],"about":[{"href":"https:\/\/ozelapluspoliklinigi.com.tr\/tr\/wp-json\/wp\/v2\/types\/page"}],"author":[{"embeddable":true,"href":"https:\/\/ozelapluspoliklinigi.com.tr\/tr\/wp-json\/wp\/v2\/users\/1"}],"replies":[{"embeddable":true,"href":"https:\/\/ozelapluspoliklinigi.com.tr\/tr\/wp-json\/wp\/v2\/comments?post=4989"}],"version-history":[{"count":4,"href":"https:\/\/ozelapluspoliklinigi.com.tr\/tr\/wp-json\/wp\/v2\/pages\/4989\/revisions"}],"predecessor-version":[{"id":5024,"href":"https:\/\/ozelapluspoliklinigi.com.tr\/tr\/wp-json\/wp\/v2\/pages\/4989\/revisions\/5024"}],"wp:attachment":[{"href":"https:\/\/ozelapluspoliklinigi.com.tr\/tr\/wp-json\/wp\/v2\/media?parent=4989"}],"curies":[{"name":"wp","href":"https:\/\/api.w.org\/{rel}","templated":true}]}}