{"id":5132,"date":"2026-01-02T13:10:23","date_gmt":"2026-01-02T13:10:23","guid":{"rendered":"https:\/\/ozelapluspoliklinigi.com.tr\/?page_id=5132"},"modified":"2026-01-23T08:35:54","modified_gmt":"2026-01-23T08:35:54","slug":"cookie-cookie-privacy-policy","status":"publish","type":"page","link":"https:\/\/ozelapluspoliklinigi.com.tr\/tr\/cookie-cookie-privacy-policy\/","title":{"rendered":"\u00c7erez ve \u00c7erez Gizlilik Politikas\u0131"},"content":{"rendered":"<div data-elementor-type=\"wp-page\" data-elementor-id=\"5132\" class=\"elementor elementor-5132\">\n\t\t\t\t<div class=\"elementor-element elementor-element-7ac3f80 e-flex e-con-boxed e-con e-parent\" data-id=\"7ac3f80\" data-element_type=\"container\">\t\t\t<div class=\"e-con-inner\">\r\n\t\t\t\t<div class=\"elementor-element elementor-element-ed09794 elementor-widget elementor-widget-heading\" data-id=\"ed09794\" data-element_type=\"widget\" data-widget_type=\"heading.default\">\n\t\t\t\t\t<h2 class=\"elementor-heading-title elementor-size-default\">\u00c7erez &amp; \u00c7erez Gizlilik Politikas\u0131<\/h2>\t\t\t\t<\/div>\n\t\t\t\t\t<\/div>\r\n\t\t\t\t<\/div>\r\n\t\t<div class=\"elementor-element elementor-element-1ad0b51 e-flex e-con-boxed e-con e-parent\" data-id=\"1ad0b51\" data-element_type=\"container\">\t\t\t<div class=\"e-con-inner\">\r\n\t\t\t\t<div class=\"elementor-element elementor-element-5e99372 elementor-widget elementor-widget-pxl_text_editor\" data-id=\"5e99372\" data-element_type=\"widget\" data-widget_type=\"pxl_text_editor.default\">\n\t\t\t\t<div class=\"elementor-widget-container\">\n\t\t\t\t\t<div class=\"pxl-text-editor\">\n\t<div class=\"pxl-item--inner\" data-wow-delay=\"ms\">\n\t\t<p>\u0130\u015fbu Gizlilik Politikas\u0131'n\u0131n amac\u0131, <strong>KLI\u0307NI\u0307K APLUS DERMATOLOJI\u0307K HASTALIKLAR LAZER VE KOZMETI\u0307K UYGULAMA \u00d6ZEL SA\u011eLIK HI\u0307ZMETLERI\u0307 TI\u0307CARET LI\u0307MI\u0307TED \u015eI\u0307RKETI\u0307<\/strong> (\u201c\u015eirket\u201d)\/ taraf\u0131ndan i\u015fletilmekte olan <a href=\"https:\/\/clinicaplus.com.tr\/\"><strong>https:\/\/clinicaplus.com.tr\/<\/strong><\/a> internet sitesi (\u201cSite\u201d) ile mobil uygulamas\u0131n\u0131n (\u201cPlatform\u201d olarak an\u0131lacakt\u0131r) i\u015fletilmesi s\u0131ras\u0131nda Platform kullan\u0131c\u0131lar\u0131\/\u00fcyeleri\/ziyaret\u00e7ileri (\u201cVeri Sahibi\u201d) taraf\u0131ndan \u015eirket ile payla\u015f\u0131lan veya \u015eirket'in Veri Sahibi'nin Platform'u kullan\u0131m\u0131 s\u0131ras\u0131nda \u00fcretti\u011fi ki\u015fisel verilerin kullan\u0131m\u0131na ili\u015fkin ko\u015ful ve \u015fartlar\u0131 tespit etmektir.<\/p><p>Veri Sahibi, i\u015fbu Gizlilik Politikas\u0131 ile ki\u015fisel verilerinin i\u015flenmesine ili\u015fkin olarak ayd\u0131nlat\u0131lm\u0131\u015f oldu\u011funu ve ki\u015fisel verilerinin burada belirtilen \u015fekilde kullan\u0131m\u0131na muvafakat etti\u011fini beyan eder.<\/p><p><strong>Hangi Veriler \u0130\u015flenmektedir?<\/strong><\/p><p>\u0130\u015fbu ba\u015fl\u0131k alt\u0131nda, \u015eirket taraf\u0131ndan i\u015flenen ve 6698 say\u0131l\u0131 Ki\u015fisel Verilerin Korunmas\u0131 Kanunu uyar\u0131nca ki\u015fisel veri say\u0131lan verilerin hangileri oldu\u011fu s\u0131ralanm\u0131\u015ft\u0131r. Aksi a\u00e7\u0131k\u00e7a belirtilmedik\u00e7e, i\u015fbu Gizlilik Politikas\u0131 kapsam\u0131nda arz edilen h\u00fck\u00fcm ve ko\u015fullar kapsam\u0131nda \u201cki\u015fisel veri\u201d ifadesi a\u015fa\u011f\u0131da yer alan bilgileri kapsayacakt\u0131r:<\/p><ul><li>M\u00fc\u015fteri Bilgisi<\/li><li>Cihaz Bilgisi<\/li><li>Davran\u0131\u015flar<\/li><li>Demografik Bilgiler<\/li><li>Pazarlama Bilgisi<\/li><li>Davran\u0131\u015fsal Reklamc\u0131l\u0131k<\/li><\/ul><p>\u00a0<\/p><p>Ki\u015fisel Verilerin Korunmas\u0131 Kanunu'nun 3. ve 7. maddeler dairesince, geri d\u00f6nd\u00fcr\u00fclemeyecek \u015fekilde anonim hale getirilen veriler, an\u0131lan kanun h\u00fck\u00fcmleri uyar\u0131nca ki\u015fisel veri olarak kabul edilmeyecek ve bu verilere ili\u015fkin i\u015fleme faaliyetleri i\u015fbu Gizlilik Politikas\u0131 h\u00fck\u00fcmleri ile ba\u011fl\u0131 olmaks\u0131z\u0131n ger\u00e7ekle\u015ftirilecektir.<\/p><p><strong>Veriler Hangi Ama\u00e7larla Kullan\u0131lmaktad\u0131r?<\/strong><\/p><p>\u015eirket, ki\u015fisel verileri, \u015eirket taraf\u0131ndan sunulan \u00fcr\u00fcn ve hizmetlerin ilgili ki\u015filerin be\u011feni, kullan\u0131m al\u0131\u015fkanl\u0131klar\u0131 ve ihtiya\u00e7lar\u0131na g\u00f6re \u00f6zelle\u015ftirilerek ilgili ki\u015filere \u00f6nerilmesidir; do\u011frudan ve dolayl\u0131 pazarlama faaliyetleri kapsam\u0131nda kullan\u0131lmas\u0131 ve bu ama\u00e7larla \u015eirket'in temsilcileri, \u00e7\u00f6z\u00fcm ortaklar\u0131 ve hizmet ald\u0131\u011f\u0131 \u00fc\u00e7\u00fcnc\u00fc ki\u015filere aktar\u0131lmas\u0131 i\u00e7in i\u015fleyebilecektir.<\/p><p>\u015eirket, Ki\u015fisel Verilerin Korunmas\u0131 Kanunu'nun 5 ve 8. maddeleri uyar\u0131nca ve\/veya ilgili mevzuattaki istisnalar\u0131n varl\u0131\u011f\u0131 halinde ki\u015fisel verileri Veri Sahibi'nin ayr\u0131ca r\u0131zas\u0131n\u0131 almaks\u0131z\u0131n i\u015fleyebilecek ve \u00fc\u00e7\u00fcnc\u00fc ki\u015filerle payla\u015fabilecektir. Bu durumlar\u0131n ba\u015fl\u0131calar\u0131 a\u015fa\u011f\u0131da belirtilmi\u015ftir:<\/p><p><strong>Kanunlarda<\/strong>\u00a0<strong>a\u00e7\u0131k\u00e7a<\/strong>\u00a0<strong>\u00f6ng\u00f6r\u00fclmesi,<\/strong><\/p><p>Fiili imk\u00e2ns\u0131zl\u0131k nedeniyle r\u0131zas\u0131n\u0131 a\u00e7\u0131klayamayacak durumda bulunan veya r\u0131zas\u0131na hukuki ge\u00e7erlilik tan\u0131nmayan ki\u015finin kendisinin ya da bir ba\u015fkas\u0131n\u0131n hayat\u0131 veya beden b\u00fct\u00fcnl\u00fc\u011f\u00fcn\u00fcn korunmas\u0131 i\u00e7in zorunlu olmas\u0131,<\/p><p>Veri Sahibi ile \u015eirket aras\u0131nda herhangi bir s\u00f6zle\u015fmenin kurulmas\u0131 veya ifas\u0131yla do\u011frudan do\u011fruya ilgili olmas\u0131 kayd\u0131yla, ki\u015fisel verilerin i\u015flenmesinin gerekli olmas\u0131,<\/p><p>\u015eirketin hukuki y\u00fck\u00fcml\u00fcl\u00fcklerini yerine getirebilmesi i\u00e7in zorunlu olmas\u0131,<\/p><p>Veri Sahibi'nin kendisi taraf\u0131ndan alenile\u015ftirilmi\u015f olmas\u0131,<\/p><p>Bir hakk\u0131n tesisi, kullan\u0131lmas\u0131 veya korunmas\u0131 i\u00e7in veri i\u015flemenin zorunlu olmas\u0131,<\/p><p>Veri Sahibi'nin temel hak ve \u00f6zg\u00fcrl\u00fcklerine zarar vermemek kayd\u0131yla, \u015eirket'in me\u015fru menfaatleri i\u00e7in veri i\u015flenmesinin zorunlu olmas\u0131.<\/p><p><strong>Verilere<\/strong>\u00a0<strong>Kimler<\/strong>\u00a0<strong>Eri\u015febilmektedir?<\/strong><\/p><p>\u015eirket, ki\u015fisel veriler ve bu ki\u015fisel veriler kullan\u0131larak elde etti\u011fi yeni veriler, i\u015fbu Gizlilik Politikas\u0131 ile belirlenen ama\u00e7lar\u0131n ger\u00e7ekle\u015ftirilebilmesi i\u00e7in \u015eirket'in hizmetlerinden faydaland\u0131\u011f\u0131 \u00fc\u00e7\u00fcnc\u00fc ki\u015filere, s\u00f6z konusu hizmetlerin temini amac\u0131yla s\u0131n\u0131rl\u0131 olmak \u00fczere aktar\u0131labilecektir. \u015eirket ayr\u0131ca, i\u015fbu Gizlilik Politikas\u0131'nda belirtilen ama\u00e7lar dahilinde verileri \u015eirket i\u015f ortaklar\u0131 ve tedarik\u00e7ileri ile hukuken yetkili kurum ve kurulu\u015flara aktarabilecektir.<\/p><p>\u015eirket, veri sahibi deneyiminin geli\u015ftirilmesi (iyile\u015ftirme ve ki\u015fiselle\u015ftirme d\u00e2hil), veri sahibinin g\u00fcvenli\u011finin sa\u011flanmas\u0131, hileli ya da izinsiz kullan\u0131mlar\u0131 tespit etmek, operasyonel de\u011ferlendirme ara\u015ft\u0131r\u0131lmas\u0131, Platform hizmetlerine ili\u015fkin hatalar\u0131n giderilmesi ve i\u015fbu Gizlilik Politikas\u0131'nda yer alan ama\u00e7lardan herhangi birini ger\u00e7ekle\u015ftirebilmek i\u00e7in SMS g\u00f6nderimi yapanlar da dahil olmak \u00fczere d\u0131\u015f kaynak hizmet sa\u011flay\u0131c\u0131lar\u0131, bar\u0131nd\u0131rma hizmet sa\u011flay\u0131c\u0131lar\u0131 (hosting servisleri), hukuk b\u00fcrolar\u0131, ara\u015ft\u0131rma \u015firketleri, \u00e7a\u011fr\u0131 merkezleri gibi \u00fc\u00e7\u00fcnc\u00fc ki\u015filer ile payla\u015fabilecektir.<\/p><p>Veri sahibi, yukar\u0131da belirtilen ama\u00e7larla s\u0131n\u0131rl\u0131 olmak kayd\u0131 ile bahsi ge\u00e7en \u00fc\u00e7\u00fcnc\u00fc taraflar\u0131n veri sahibinin ki\u015fisel verilerini d\u00fcnyan\u0131n her yerindeki sunucular\u0131nda saklayabilece\u011fini, bu hususa pe\u015finen muvafakat etti\u011fini kabul eder.<\/p><p><strong>Verilere<\/strong>\u00a0<strong>Eri\u015fim<\/strong>\u00a0<strong>Hakk\u0131<\/strong>\u00a0<strong>ve<\/strong>\u00a0<strong>D\u00fczeltme<\/strong>\u00a0<strong>Talepleri<\/strong>\u00a0<strong>Hakk\u0131nda<\/strong><\/p><p>Kanun'un 11. maddesi uyar\u0131nca veri sahipleri,<\/p><ul><li>Ki\u015fisel veri i\u015flenip i\u015flenmedi\u011fini \u00f6\u011frenme,<\/li><li>Ki\u015fisel veriler i\u015flenmi\u015fse buna ili\u015fkin bilgi talep etme,<\/li><li>Ki\u015fisel verilerin i\u015flenme amac\u0131n\u0131 ve bunlar\u0131n amac\u0131na uygun kullan\u0131l\u0131p kullan\u0131lmad\u0131\u011f\u0131n\u0131 \u00f6\u011frenme,<\/li><li>Yurt i\u00e7inde veya yurt d\u0131\u015f\u0131nda ki\u015fisel verilerin aktar\u0131ld\u0131\u011f\u0131 \u00fc\u00e7\u00fcnc\u00fc ki\u015fileri bilme,<\/li><li>Ki\u015fisel verilerin eksik veya yanl\u0131\u015f i\u015flenmi\u015f olmas\u0131 h\u00e2linde bunlar\u0131n d\u00fczeltilmesini isteme ve bu kapsamda yap\u0131lan i\u015flemin ki\u015fisel verilerin aktar\u0131ld\u0131\u011f\u0131 \u00fc\u00e7\u00fcnc\u00fc ki\u015filere bildirilmesini isteme,<\/li><li>Kanun ve ilgili di\u011fer kanun h\u00fck\u00fcmlerine uygun olarak i\u015flenmi\u015f olmas\u0131na ra\u011fmen, i\u0307\u015flenmesini gerektiren sebeplerin ortadan kalkmas\u0131 h\u00e2linde ki\u015fisel verilerin silinmesini veya yok edilmesini isteme ve bu kapsamda yap\u0131lan i\u015flemin ki\u015fisel verilerin aktar\u0131ld\u0131\u011f\u0131 \u00fc\u00e7\u00fcnc\u00fc ki\u015filere bildirilmesini isteme,<\/li><li>\u0130\u015flenen verilerin m\u00fcnhas\u0131ran otomatik sistemler vas\u0131tas\u0131yla analiz edilmesi suretiyle ki\u015finin kendisi aleyhine bir sonucun ortaya \u00e7\u0131kmas\u0131na itiraz etme,<\/li><li>Ki\u015fisel verilerin kanuna ayk\u0131r\u0131 olarak i\u015flenmesi sebebiyle zarara u\u011framas\u0131 h\u00e2linde zarar\u0131n giderilmesini talep etme<\/li><\/ul><p>Haklar\u0131na sahiptir.<\/p><p>S\u00f6z konusu haklar, ki\u015fisel veri sahipleri taraf\u0131ndan <a href=\"https:\/\/clinicaplus.com.tr\/\">https:\/\/clinicaplus.com.tr\/<\/a> adresinde yer alan KL\u0130N\u0130K APLUS DERMATOLOJ\u0130K HASTALIKLAR LAZER VE KOZMET\u0130K UYGULAMA \u00d6ZEL SA\u011eLIK H\u0130ZMETLER\u0130 T\u0130CARET L\u0130M\u0130TED \u015e\u0130RKET\u0130 Ki\u015fisel Verilerin Korunmas\u0131 ve \u0130\u015flenmesi Politikas\u0131'nda belirtilen y\u00f6ntemlerle iletilmesi halinde olabildi\u011fince k\u0131sa s\u00fcrede ve her hal\u00fck\u00e2rda 30 (otuz) g\u00fcn i\u00e7inde de\u011ferlendirilerek sonu\u00e7land\u0131r\u0131lacakt\u0131r. Taleplere ili\u015fkin olarak herhangi bir \u00fccret talep edilmemesi esas olmakla birlikte, \u015eirket'in Ki\u015fisel Verileri Koruma Kurulu taraf\u0131ndan belirlenen \u00fccret tarifesi \u00fczerinden \u00fccret talep etme hakk\u0131 sakl\u0131d\u0131r.<\/p><p>Veri sahibi, herhangi bir ki\u015fisel verisinin \u015eirket taraf\u0131ndan kullan\u0131lamamas\u0131 ile sonu\u00e7lanacak bir talepte bulunmas\u0131 halinde Platform'un i\u015fleyi\u015finden tam olarak faydalanamayabilece\u011fini kabul eder ve bu kapsamda do\u011facak her t\u00fcrl\u00fc sorumlulu\u011fun kendisine ait olaca\u011f\u0131n\u0131 beyan eder.<\/p><p><strong>Ki\u015fisel<\/strong>\u00a0<strong>Verilerin<\/strong>\u00a0<strong>Saklanma<\/strong>\u00a0<strong>S\u00fcre<\/strong><\/p><p>\u015eirket, veri sahibi taraf\u0131ndan sa\u011flanan ki\u015fisel verileri, yukar\u0131da belirtilen i\u015fleme ama\u00e7lar\u0131n\u0131n gerektirdi\u011fi s\u00fcre boyunca saklayacakt\u0131r.<\/p><p>Buna ek olarak, \u015eirket, veri sahibi ile aras\u0131nda do\u011fabilecek herhangi bir uyu\u015fmazl\u0131k durumunda, uyu\u015fmazl\u0131k kapsam\u0131nda gerekli savunmalar\u0131n ger\u00e7ekle\u015ftirilebilmesi amac\u0131yla s\u0131n\u0131rl\u0131 olmak \u00fczere ve ilgili mevzuat uyar\u0131nca belirlenen zamana\u015f\u0131m\u0131 s\u00fcreleri boyunca ki\u015fisel verileri saklayabilecektir.<\/p><p><strong>Veri<\/strong>\u00a0<strong>G\u00fcvenli\u011fine<\/strong>\u00a0<strong>\u0130li\u015fkin \u00d6nlemler<\/strong>\u00a0<strong>ve<\/strong>\u00a0<strong>Taahh\u00fctler<\/strong><\/p><p>\u015eirket, ilgili mevzuatta belirlenen veya i\u015fbu Gizlilik Politikas\u0131'nda ifade edilen \u015fartlarda,<\/p><ul><li>Ki\u015fisel verilerin hukuka ayk\u0131r\u0131 olarak i\u015flenmemesini,<\/li><li>Ki\u015fisel verilere hukuka ayk\u0131r\u0131 olarak eri\u015filmemesini ve<\/li><li>Ki\u015fisel verilerin muhafazas\u0131<\/li><\/ul><p>sa\u011flamak amac\u0131yla uygun g\u00fcvenlik d\u00fczeyini temin etmeye y\u00f6nelik gerekli teknik ve idari tedbirleri almay\u0131, gerekli denetimleri yapt\u0131rmay\u0131 taahh\u00fct eder.<\/p><p>\u015eirket, Veri Sahibi hakk\u0131nda elde etti\u011fi ki\u015fisel verileri i\u015fbu Gizlilik Politikas\u0131 ve Ki\u015fisel Verilerin Korunmas\u0131 Kanunu h\u00fck\u00fcmlerine ayk\u0131r\u0131 olarak ba\u015fkas\u0131na a\u00e7\u0131klayamaz ve i\u015fleme amac\u0131 d\u0131\u015f\u0131nda kullanamaz.<\/p><p>Platform \u00fczerinden ba\u015fka uygulamalara link verilmesi halinde, \u015eirket uygulamalar\u0131n\u0131n gizlilik politikalar\u0131 ve i\u00e7eriklerine y\u00f6nelik herhangi bir sorumluluk ta\u015f\u0131mamaktad\u0131r.<\/p><p><strong>\u00c7erezler<\/strong>\u00a0<strong>(Cookie'ler)<\/strong><\/p><p>Veri Sahipleri'nin Platform'dan en verimli \u015fekilde faydalanabilmesi ve kullan\u0131c\u0131 deneyiminin geli\u015ftirilmesi i\u00e7in Platform'da \u00c7erezler kullan\u0131lmaktad\u0131r. \u00c7erez kullan\u0131lmas\u0131n\u0131 tercih etmezseniz taray\u0131c\u0131n\u0131z\u0131n ayarlar\u0131ndan Cookie'leri silebilir ya da engelleyebilirsiniz. Ancak Platform'u kullan\u0131m\u0131n\u0131z\u0131 etkileyebilece\u011fini hat\u0131rlatmak isteriz.<\/p><p><strong>\u00c7erez<\/strong>\u00a0<strong>Nedir<\/strong>\u00a0<strong>ve<\/strong>\u00a0<strong>Neden<\/strong>\u00a0<strong>Kullan\u0131lmaktad\u0131r?<\/strong><\/p><p>\u00c7erezler, ziyaret etti\u011finiz internet siteleri taraf\u0131ndan taray\u0131c\u0131lar arac\u0131l\u0131\u011f\u0131yla cihaz\u0131n\u0131za veya a\u011f sunucusuna depolanan k\u00fc\u00e7\u00fck metin dosyalar\u0131d\u0131r. \u00c7erezler konusundan daha detayl\u0131 bilgi i\u00e7in www.aboutcookies.org ve www.allaboutcookies.org adreslerini ziyaret edebilirsiniz.<\/p><p><strong>\u0130nternet<\/strong>\u00a0<strong>Sitemizde<\/strong>\u00a0<strong>\u00e7erez<\/strong>\u00a0<strong>kullan\u0131lmas\u0131n\u0131n<\/strong>\u00a0<strong>ba\u015fl\u0131ca<\/strong>\u00a0<strong>ama\u00e7lar\u0131<\/strong>\u00a0<strong>a\u015fa\u011f\u0131da<\/strong>\u00a0<strong>s\u0131ralanmaktad\u0131r:<\/strong><\/p><ul><li>\u0130nternet sitelerinin i\u015flevselli\u011fini ve performans\u0131n\u0131 artt\u0131rmak yoluyla sizlere sunulan hizmetleri geli\u015ftirmek,<\/li><li>\u0130nternet Sitesini iyile\u015ftirmek ve \u0130nternet Sitesi \u00fczerinden yeni \u00f6zellikler sunmak ve sunulan \u00f6zellikleri sizlerin tercihlerine g\u00f6re ki\u015fiselle\u015ftirmek;<\/li><li>\u0130nternet Sitelerinin, sizin ve \u015eirketimizin hukuki ve ticari g\u00fcvenli\u011finin teminini sa\u011flamak.<\/li><li>Do\u011frudan ve dolayl\u0131 pazarlama faaliyetleri kapsam\u0131nda kullanmak<\/li><\/ul><p>\u00a0<\/p><p><strong>Gizlilik<\/strong>\u00a0<strong>Politikas\u0131ndaki<\/strong>\u00a0<strong>De\u011fi\u015fiklikler<\/strong><\/p><p>\u015eirket, i\u015fbu Gizlilik Politikas\u0131 h\u00fck\u00fcmlerini diledi\u011fi zaman de\u011fi\u015ftirebilir. G\u00fcncel Gizlilik Politikas\u0131, Veri Sahibi'ne herhangi bir y\u00f6ntemle sunuldu\u011fu tarihte y\u00fcr\u00fcrl\u00fck kazan\u0131r.<\/p><p>\u00a0<\/p>\t<\/div>\n<\/div>\t\t\t\t<\/div>\n\t\t\t\t<\/div>\n\t\t\t\t\t<\/div>\r\n\t\t\t\t<\/div>\r\n\t\t\t\t<\/div>","protected":false},"excerpt":{"rendered":"<p>Cookie &amp; \u00c7erez Gizlilik Politikas\u0131 \u0130\u015fbu Gizlilik Politikas\u0131\u2019n\u0131n amac\u0131, KL\u0130N\u0130K APLUS DERMATOLOJ\u0130K HASTALIKLAR LAZER VE KOZMET\u0130K UYGULAMA \u00d6ZEL SA\u011eLIK H\u0130ZMETLER\u0130 T\u0130CARET L\u0130M\u0130TED \u015e\u0130RKET\u0130 (\u201c\u015eirket\u201d)\/ taraf\u0131ndan i\u015fletilmekte olan https:\/\/clinicaplus.com.tr\/ internet sitesi (\u201cSite\u201d) ile mobil uygulamas\u0131n\u0131n (hepsi birlikte \u201cPlatform\u201d olarak an\u0131lacakt\u0131r) i\u015fletilmesi s\u0131ras\u0131nda Platform kullan\u0131c\u0131lar\u0131\/\u00fcyeleri\/ziyaret\u00e7ileri (\u201cVeri Sahibi\u201d) taraf\u0131ndan \u015eirket ile payla\u015f\u0131lan veya \u015eirket\u2019in, Veri Sahibi\u2019nin Platform\u2019u kullan\u0131m\u0131 [&hellip;]<\/p>","protected":false},"author":1,"featured_media":0,"parent":0,"menu_order":0,"comment_status":"closed","ping_status":"closed","template":"","meta":{"footnotes":""},"class_list":["post-5132","page","type-page","status-publish","hentry"],"_links":{"self":[{"href":"https:\/\/ozelapluspoliklinigi.com.tr\/tr\/wp-json\/wp\/v2\/pages\/5132","targetHints":{"allow":["GET"]}}],"collection":[{"href":"https:\/\/ozelapluspoliklinigi.com.tr\/tr\/wp-json\/wp\/v2\/pages"}],"about":[{"href":"https:\/\/ozelapluspoliklinigi.com.tr\/tr\/wp-json\/wp\/v2\/types\/page"}],"author":[{"embeddable":true,"href":"https:\/\/ozelapluspoliklinigi.com.tr\/tr\/wp-json\/wp\/v2\/users\/1"}],"replies":[{"embeddable":true,"href":"https:\/\/ozelapluspoliklinigi.com.tr\/tr\/wp-json\/wp\/v2\/comments?post=5132"}],"version-history":[{"count":9,"href":"https:\/\/ozelapluspoliklinigi.com.tr\/tr\/wp-json\/wp\/v2\/pages\/5132\/revisions"}],"predecessor-version":[{"id":5165,"href":"https:\/\/ozelapluspoliklinigi.com.tr\/tr\/wp-json\/wp\/v2\/pages\/5132\/revisions\/5165"}],"wp:attachment":[{"href":"https:\/\/ozelapluspoliklinigi.com.tr\/tr\/wp-json\/wp\/v2\/media?parent=5132"}],"curies":[{"name":"wp","href":"https:\/\/api.w.org\/{rel}","templated":true}]}}