{"id":5136,"date":"2026-01-02T13:39:07","date_gmt":"2026-01-02T13:39:07","guid":{"rendered":"https:\/\/ozelapluspoliklinigi.com.tr\/?page_id=5136"},"modified":"2026-01-05T09:05:27","modified_gmt":"2026-01-05T09:05:27","slug":"explicit-consent-approval-text","status":"publish","type":"page","link":"https:\/\/ozelapluspoliklinigi.com.tr\/tr\/explicit-consent-approval-text\/","title":{"rendered":"A\u00e7\u0131k R\u0131za Onay Metni"},"content":{"rendered":"<div data-elementor-type=\"wp-page\" data-elementor-id=\"5136\" class=\"elementor elementor-5136\">\n\t\t\t\t<div class=\"elementor-element elementor-element-d08d784 e-flex e-con-boxed e-con e-parent\" data-id=\"d08d784\" data-element_type=\"container\">\t\t\t<div class=\"e-con-inner\">\r\n\t\t\t\t<div class=\"elementor-element elementor-element-22da259 elementor-widget elementor-widget-heading\" data-id=\"22da259\" data-element_type=\"widget\" data-widget_type=\"heading.default\">\n\t\t\t\t\t<h2 class=\"elementor-heading-title elementor-size-default\">K\u0130\u015e\u0130SEL VER\u0130LER\u0130N \u0130\u015eLENMES\u0130NE Y\u00d6NEL\u0130K A\u00c7IK RIZA ONAY METN\u0130\n<\/h2>\t\t\t\t<\/div>\n\t\t\t\t<div class=\"elementor-element elementor-element-4d9d933 elementor-widget elementor-widget-pxl_text_editor\" data-id=\"4d9d933\" data-element_type=\"widget\" data-widget_type=\"pxl_text_editor.default\">\n\t\t\t\t<div class=\"elementor-widget-container\">\n\t\t\t\t\t<div class=\"pxl-text-editor\">\n\t<div class=\"pxl-item--inner\" data-wow-delay=\"ms\">\n\t\t<p>Z\u0130YA G\u00d6KALP BULVARI NO:18 ALSANCAK KONAK\/\u0130ZM\u0130R adresinde mukim \u2018\u2019KL\u0130N\u0130K\u2019\u2019 \u2019in ayd\u0131nlatma metnini, ki\u015fisel verileri koruma politikas\u0131n\u0131 ve okuyup, anlad\u0131\u011f\u0131m\u0131, 6698 say\u0131l\u0131 Ki\u015fisel Verilerin Korunmas\u0131 Kanunu\u2019na uygun olarak, ki\u015fisel verilerimin Hastane taraf\u0131ndan, hangi ama\u00e7la i\u015flenece\u011fi, i\u015flenen ki\u015fisel verilerin kimlere ve hangi ama\u00e7la aktar\u0131labilece\u011fi, ki\u015fisel veri toplaman\u0131n y\u00f6ntemi ve hukuki sebebi ve Kanun\u2019un 11. maddesinde say\u0131lan di\u011fer haklar\u0131m hususlar\u0131nda teredd\u00fcde<\/p><p>yer vermeyecek \u015fekilde ayd\u0131nlat\u0131ld\u0131m.<br \/>\u2018\u2019KL\u0130N\u0130K\u2019\u2019 Ki\u015fisel Verilerin Korunmas\u0131 ve \u0130\u015flenmesi Hakk\u0131nda ayr\u0131ca web sitesinde bulunan, bas\u0131l\u0131 &amp; elektronik ortamda sunulan veya SMS (k\u0131sa mesaj) ile ileti\u015fim numaras\u0131 olarak beyan etti\u011fim GSM numaras\u0131na \u015fahs\u0131m i\u00e7in g\u00f6nderilen Ayd\u0131nlatma Metnini ve haklar\u0131m\u0131 okudum,<\/p><p>Ayd\u0131nlatma Metninde belirtildi\u011fi \u00fczere;<\/p><p>\u2022 Mal \/ Hizmet Sat\u0131\u015f Sonras\u0131 Destek Hizmetlerinin Y\u00fcr\u00fct\u00fclmesi<br \/>\u2022 Mal \/ Hizmet Sat\u0131\u015f S\u00fcre\u00e7lerinin Y\u00fcr\u00fct\u00fclmesi<br \/>\u2022 Mal \/ Hizmet \u00dcretim Ve Operasyon S\u00fcre\u00e7lerinin Y\u00fcr\u00fct\u00fclmesi<br \/>\u2022 Mal \/ Hizmet Sat\u0131n Al\u0131m S\u00fcre\u00e7lerinin Y\u00fcr\u00fct\u00fclmesi<br \/>\u2022 M\u00fc\u015fteri \u0130li\u015fkileri Y\u00f6netimi S\u00fcre\u00e7lerinin Y\u00fcr\u00fct\u00fclmesi<br \/>\u2022 Reklam \/ Kampanya \/ Promosyon S\u00fcre\u00e7lerinin Y\u00fcr\u00fct\u00fclmesi<br \/>\u2022 Pazarlama Analiz \u00c7al\u0131\u015fmalar\u0131n\u0131n Y\u00fcr\u00fct\u00fclmesi<br \/>\u2022 \u00dcr\u00fcn \/ Hizmetlerin Pazarlama S\u00fcre\u00e7lerinin Y\u00fcr\u00fct\u00fclmesi<br \/>\u2022 \u00dccret Politikas\u0131n\u0131n Y\u00fcr\u00fct\u00fclmesi<br \/>\u2022 Firma \/ \u00dcr\u00fcn \/ Hizmetlere Ba\u011fl\u0131l\u0131k S\u00fcre\u00e7lerinin Y\u00fcr\u00fct\u00fclmesi<br \/>\u2022 Risk Y\u00f6netimi S\u00fcre\u00e7lerinin Y\u00fcr\u00fct\u00fclmesi<br \/>\u2022 Veri Sorumlusu Operasyonlar\u0131n\u0131n G\u00fcvenli\u011finin Temini<br \/>\u2022 Faaliyetlerin Mevzuata Uygun Y\u00fcr\u00fct\u00fclmesi<br \/>\u2022 Denetim \/ Etik Faaliyetlerinin Y\u00fcr\u00fct\u00fclmesi<br \/>\u2022 Finans ve Muhasebe \u0130\u015flerinin Y\u00fcr\u00fct\u00fclmesi<br \/>\u2022 Lojistik Faaliyetlerinin Y\u00fcr\u00fct\u00fclmesi<br \/>\u2022 M\u00fc\u015fteri Memnuniyetine Y\u00f6nelik Aktivitelerin Y\u00fcr\u00fct\u00fclmesi<br \/>\u2022 Klini\u011fimiz ve Klini\u011fimizle i\u015f ili\u015fkisi i\u00e7erisinde olan ilgili ki\u015filerin hukuki, teknik ve ticari-i\u015f<br \/>g\u00fcvenli\u011finin temini ama\u00e7lar\u0131yla KVKK 5. Ve 6. Maddelerinde belirtilen ki\u015fisel veri i\u015fleme \u015fartlar\u0131 ve ama\u00e7lar\u0131 dahilinde verilerimin toplanmas\u0131na, kaydedilmesine, i\u015flenmesine saklanmas\u0131na pe\u015finen izin verdi\u011fimi kabul, beyan ve taahh\u00fct ederim. Ki\u015fisel verilerimin i\u015flenmesine y\u00f6nelik tercihimi belirtiyorum;<\/p>\t<\/div>\n<\/div>\t\t\t\t<\/div>\n\t\t\t\t<\/div>\n\t\t\t\t\t<\/div>\r\n\t\t\t\t<\/div>\r\n\t\t\t\t<\/div>","protected":false},"excerpt":{"rendered":"<p>K\u0130\u015e\u0130SEL VER\u0130LER\u0130N \u0130\u015eLENMES\u0130NE Y\u00d6NEL\u0130K A\u00c7IK RIZA ONAY METN\u0130 Z\u0130YA G\u00d6KALP BULVARI NO:18 ALSANCAK KONAK\/\u0130ZM\u0130R adresinde mukim \u2018\u2019KL\u0130N\u0130K\u2019\u2019 \u2019in ayd\u0131nlatma metnini, ki\u015fisel verileri koruma politikas\u0131n\u0131 ve okuyup, anlad\u0131\u011f\u0131m\u0131, 6698 say\u0131l\u0131 Ki\u015fisel Verilerin Korunmas\u0131 Kanunu\u2019na uygun olarak, ki\u015fisel verilerimin Hastane taraf\u0131ndan, hangi ama\u00e7la i\u015flenece\u011fi, i\u015flenen ki\u015fisel verilerin kimlere ve hangi ama\u00e7la aktar\u0131labilece\u011fi, ki\u015fisel veri toplaman\u0131n y\u00f6ntemi ve [&hellip;]<\/p>","protected":false},"author":1,"featured_media":0,"parent":0,"menu_order":0,"comment_status":"closed","ping_status":"closed","template":"","meta":{"footnotes":""},"class_list":["post-5136","page","type-page","status-publish","hentry"],"_links":{"self":[{"href":"https:\/\/ozelapluspoliklinigi.com.tr\/tr\/wp-json\/wp\/v2\/pages\/5136","targetHints":{"allow":["GET"]}}],"collection":[{"href":"https:\/\/ozelapluspoliklinigi.com.tr\/tr\/wp-json\/wp\/v2\/pages"}],"about":[{"href":"https:\/\/ozelapluspoliklinigi.com.tr\/tr\/wp-json\/wp\/v2\/types\/page"}],"author":[{"embeddable":true,"href":"https:\/\/ozelapluspoliklinigi.com.tr\/tr\/wp-json\/wp\/v2\/users\/1"}],"replies":[{"embeddable":true,"href":"https:\/\/ozelapluspoliklinigi.com.tr\/tr\/wp-json\/wp\/v2\/comments?post=5136"}],"version-history":[{"count":8,"href":"https:\/\/ozelapluspoliklinigi.com.tr\/tr\/wp-json\/wp\/v2\/pages\/5136\/revisions"}],"predecessor-version":[{"id":5158,"href":"https:\/\/ozelapluspoliklinigi.com.tr\/tr\/wp-json\/wp\/v2\/pages\/5136\/revisions\/5158"}],"wp:attachment":[{"href":"https:\/\/ozelapluspoliklinigi.com.tr\/tr\/wp-json\/wp\/v2\/media?parent=5136"}],"curies":[{"name":"wp","href":"https:\/\/api.w.org\/{rel}","templated":true}]}}