{"id":53,"date":"2022-07-21T07:30:24","date_gmt":"2022-07-21T07:30:24","guid":{"rendered":"https:\/\/demo.bravisthemes.com\/meddox\/?page_id=53"},"modified":"2025-12-12T14:27:51","modified_gmt":"2025-12-12T14:27:51","slug":"ilayda-maral","status":"publish","type":"page","link":"https:\/\/ozelapluspoliklinigi.com.tr\/tr\/ilayda-maral\/","title":{"rendered":"\u0130layda Maral"},"content":{"rendered":"<div data-elementor-type=\"wp-page\" data-elementor-id=\"53\" class=\"elementor elementor-53\">\n\t\t\t\t        <section class=\"elementor-section elementor-top-section elementor-element elementor-element-9042e8f elementor-section-boxed elementor-section-height-default elementor-section-height-default pxl-type-header-none pxl-bg-color-none pxl-row-scroll-none\" data-id=\"9042e8f\" data-element_type=\"section\">\n\n                \n                <div class=\"elementor-container elementor-column-gap-extended\">\n                <div class=\"elementor-column elementor-col-50 elementor-top-column elementor-element elementor-element-d08cf9f pxl-col-none pxl-column-none\" data-id=\"d08cf9f\" data-element_type=\"column\">\r\n        <div class=\"elementor-widget-wrap elementor-element-populated\">\r\n                     \r\n        \t\t<div class=\"elementor-element elementor-element-d5c66d5 elementor-widget elementor-widget-pxl_team_grid\" data-id=\"d5c66d5\" data-element_type=\"widget\" data-widget_type=\"pxl_team_grid.default\">\n\t\t\t\t<div class=\"elementor-widget-container\">\n\t\t\t\t\t<div class=\"pxl-grid pxl-team-grid pxl-team-grid1\">\r\n    <div class=\"pxl-grid-inner pxl-grid-masonry row\" data-gutter=\"15\">\r\n\r\n                <div class=\"elementor-repeater-item-5660c78 pxl-grid-item col-xl-12 col-lg-12 col-md-12 col-sm-12 col-12\">\r\n            <div class=\"pxl-item--inner\">\r\n                                    <div class=\"pxl-item--image\">\r\n                        <img fetchpriority=\"high\" decoding=\"async\" width=\"530\" height=\"530\" src=\"https:\/\/ozelapluspoliklinigi.com.tr\/wp-content\/uploads\/2025\/12\/f1d867dd93fb2a5df1de938b6334a8bb.jpeg\" class=\"no-lazyload attachment-full\" alt=\"\" \/>                        <div class=\"pxl-item--social\">\r\n                                                            <span class=\"pxl-item--button\"><\/span>\r\n                                                        <\/div>\r\n                    <\/div>\r\n                                <div class=\"pxl-item--meta\">\r\n                    <div class=\"pxl-item--title\">\r\n                        <a >\r\n                            Dr. \u0130layda Maral                        <\/a>\r\n                    <\/div>\r\n                    <div class=\"pxl-item--position\">Mezoterapi, Sertifikal\u0131 T\u0131bbi Estetik<\/div>\r\n\r\n                <\/div>\r\n            <\/div>\r\n        <\/div>\r\n        <div class=\"grid-sizer col-xl-12 col-lg-12 col-md-12 col-sm-12 col-12\"><\/div>\r\n<\/div>\r\n<\/div>\r\n\t\t\t\t<\/div>\n\t\t\t\t<\/div>\n\t\t            <\/div>\r\n        <\/div>\r\n                <div class=\"elementor-column elementor-col-50 elementor-top-column elementor-element elementor-element-4edc8c1 pxl-col-none pxl-column-none\" data-id=\"4edc8c1\" data-element_type=\"column\">\r\n        <div class=\"elementor-widget-wrap elementor-element-populated\">\r\n                     \r\n        \t\t<div class=\"elementor-element elementor-element-8965eb7 elementor-widget elementor-widget-pxl_heading\" data-id=\"8965eb7\" data-element_type=\"widget\" data-widget_type=\"pxl_heading.default\">\n\t\t\t\t<div class=\"elementor-widget-container\">\n\t\t\t\t\t<div class=\"pxl-heading\">\n\t<div class=\"pxl-heading--inner\">\n\t\t\t<h3 class=\"pxl-item--title  highlight-default Rajdhani\" data-wow-delay=\"ms\">\n\tBiyografi\t\t\n\t<\/h3>\n<\/div>\n<\/div>\t\t\t\t<\/div>\n\t\t\t\t<\/div>\n\t\t\t\t<div class=\"elementor-element elementor-element-587aef4 elementor-widget elementor-widget-pxl_text_editor\" data-id=\"587aef4\" data-element_type=\"widget\" data-widget_type=\"pxl_text_editor.default\">\n\t\t\t\t<div class=\"elementor-widget-container\">\n\t\t\t\t\t<div class=\"pxl-text-editor\">\n\t<div class=\"pxl-item--inner\" data-wow-delay=\"ms\">\n\t\t<p data-path-to-node=\"2\">19 Temmuz 1991 do\u011fumlu Nilay \u0130layda Maral, \u0130zmir Bornova Anadolu Lisesi'nde lise e\u011fitimini tamamlad\u0131ktan sonra Manisa Celal Bayar \u00dcniversitesi T\u0131p Fak\u00fcltesi'ni tercih etti. T\u0131p fak\u00fcltesini ba\u015far\u0131yla tamamlad\u0131ktan sonra, Manisa Saruhanl\u0131 Devlet Hastanesi Acil Servis Ba\u015fhekimli\u011fi g\u00f6revinde zorunlu hizmetini yerine getirdi.<\/p><p data-path-to-node=\"2\">Daha sonra \u0130zmir Kemalpa\u015fa Devlet Hastanesi'nde birinci basamak yo\u011fun bak\u0131m \u00fcnitesinden sorumlu ba\u015fhekim, pandemi servisinde hekim ve evde sa\u011fl\u0131k hizmetlerinden sorumlu hekim olarak g\u00f6rev yapt\u0131. T\u0131bbi estetik alan\u0131na olan yo\u011fun ilgisi nedeniyle kariyerine bu alanda devam etmeye karar verdi. T\u0131bbi estetik alan\u0131nda \u00e7e\u015fitli e\u011fitimler ald\u0131.<\/p><p data-path-to-node=\"3\">\u0130zmir Bozyaka E\u011fitim ve Ara\u015ft\u0131rma Hastanesi'nden GETAT (Geleneksel ve Tamamlay\u0131c\u0131 T\u0131p) Mezoterapi sertifikas\u0131, \u0130stanbul Kanuni Sultan S\u00fcleyman E\u011fitim ve Ara\u015ft\u0131rma Hastanesi'nden Kan Bankas\u0131 ve Transf\u00fczyon T\u0131bb\u0131 sertifikas\u0131 ve Sa\u011fl\u0131k Bakanl\u0131\u011f\u0131 taraf\u0131ndan verilen Estetik ve Kozmetik \u0130\u015flemler sertifikas\u0131na sahiptir.<\/p><p data-path-to-node=\"0\">Elbette, Dr. \u0130layda Maral\u2019\u0131n uzmanl\u0131k alanlar\u0131, deneyimleri ve e\u011fitim bilgilerini i\u00e7eren bu listenin \u0130ngilizce \u00e7evirisi a\u015fa\u011f\u0131dad\u0131r:<\/p><hr data-path-to-node=\"1\" \/><h2 data-path-to-node=\"2\">Uzmanl\u0131k ve Ge\u00e7mi\u015f<\/h2><h3 data-path-to-node=\"3\">Uzmanl\u0131k Alanlar\u0131<\/h3><ul data-path-to-node=\"4\"><li><p data-path-to-node=\"4,0,0\">Mezoterapi<\/p><\/li><li><p data-path-to-node=\"4,1,0\">Sertifikal\u0131 T\u0131bbi Estetik<\/p><\/li><\/ul><h3 data-path-to-node=\"5\">Deneyim<\/h3><ul data-path-to-node=\"6\"><li><p data-path-to-node=\"6,0,0\">Dr. \u0130layda Maral \u00d6zel Muayenehane<\/p><\/li><li><p data-path-to-node=\"6,1,0\">\u00d6zel Aplus Poliklini\u011fi<\/p><\/li><li><p data-path-to-node=\"6,2,0\">Manisa Saruhanl\u0131 Devlet Hastanesi<\/p><\/li><li><p data-path-to-node=\"6,3,0\">\u0130zmir Kemalpa\u015fa Devlet Hastanesi<\/p><\/li><li><p data-path-to-node=\"6,4,0\">T\u00fcm\u00fcn\u00fc g\u00f6ster<\/p><\/li><\/ul><h3 data-path-to-node=\"7\">E\u011fitim \/ \u00d6\u011fretim<\/h3><ul data-path-to-node=\"8\"><li><p data-path-to-node=\"8,0,0\">Celal Bayar \u00dcniversitesi \u2013 T\u0131p Fak\u00fcltesi<\/p><\/li><li><p data-path-to-node=\"8,1,0\">Bornova Anadolu Lisesi<\/p><\/li><\/ul><h3 data-path-to-node=\"9\">\u0130lgi Alanlar\u0131<\/h3><ul data-path-to-node=\"10\"><li><p data-path-to-node=\"10,0,0\">Sa\u00e7 D\u00f6k\u00fclmesi<\/p><\/li><li><p data-path-to-node=\"10,1,0\">Cilt Lekeleri \/ Noktalar<\/p><\/li><li><p data-path-to-node=\"10,2,0\">G\u00f6z Alt\u0131 Koyu Halkalar<\/p><\/li><li><p data-path-to-node=\"10,3,0\">Sa\u00e7s\u0131zl\u0131k \u2013 Sakal B\u00fcy\u00fcmesi<\/p><\/li><li><p data-path-to-node=\"10,4,0\">T\u00fcm\u00fcn\u00fc g\u00f6ster<\/p><\/li><\/ul><h3 data-path-to-node=\"11\">Bilinen Diller<\/h3><ul data-path-to-node=\"12\"><li><p data-path-to-node=\"12,0,0\">\u0130ngilizce<\/p><\/li><\/ul>\t<\/div>\n<\/div>\t\t\t\t<\/div>\n\t\t\t\t<\/div>\n\t\t            <\/div>\r\n        <\/div>\r\n        \t\t\t<\/div>\n\t\t<\/section>\n\t\t\t\t<\/div>","protected":false},"excerpt":{"rendered":"<p>Dr.\u0130layda Maral Mesotherapy, Certified Medical Aesthetic Biography Nilay \u0130layda Maral, born on July 19, 1991, completed her high school education at \u0130zmir Bornova Anatolian High School before choosing Manisa Celal Bayar University Faculty of Medicine. After successfully completing medical school, she fulfilled her compulsory service as the Chief Physician of the Emergency Department at Manisa [&hellip;]<\/p>","protected":false},"author":1,"featured_media":0,"parent":0,"menu_order":0,"comment_status":"closed","ping_status":"closed","template":"","meta":{"footnotes":""},"class_list":["post-53","page","type-page","status-publish","hentry"],"_links":{"self":[{"href":"https:\/\/ozelapluspoliklinigi.com.tr\/tr\/wp-json\/wp\/v2\/pages\/53","targetHints":{"allow":["GET"]}}],"collection":[{"href":"https:\/\/ozelapluspoliklinigi.com.tr\/tr\/wp-json\/wp\/v2\/pages"}],"about":[{"href":"https:\/\/ozelapluspoliklinigi.com.tr\/tr\/wp-json\/wp\/v2\/types\/page"}],"author":[{"embeddable":true,"href":"https:\/\/ozelapluspoliklinigi.com.tr\/tr\/wp-json\/wp\/v2\/users\/1"}],"replies":[{"embeddable":true,"href":"https:\/\/ozelapluspoliklinigi.com.tr\/tr\/wp-json\/wp\/v2\/comments?post=53"}],"version-history":[{"count":16,"href":"https:\/\/ozelapluspoliklinigi.com.tr\/tr\/wp-json\/wp\/v2\/pages\/53\/revisions"}],"predecessor-version":[{"id":5085,"href":"https:\/\/ozelapluspoliklinigi.com.tr\/tr\/wp-json\/wp\/v2\/pages\/53\/revisions\/5085"}],"wp:attachment":[{"href":"https:\/\/ozelapluspoliklinigi.com.tr\/tr\/wp-json\/wp\/v2\/media?parent=53"}],"curies":[{"name":"wp","href":"https:\/\/api.w.org\/{rel}","templated":true}]}}